{"id":18274,"date":"2023-08-14T02:16:33","date_gmt":"2023-08-13T23:16:33","guid":{"rendered":"http:\/\/sannafurniture.com\/product\/prada-kose-takimi\/"},"modified":"2023-08-20T17:52:25","modified_gmt":"2023-08-20T14:52:25","slug":"prada-kose-takimi","status":"publish","type":"product","link":"https:\/\/sannafurniture.com\/tr\/urun\/prada-kose-takimi\/","title":{"rendered":"Prada"},"content":{"rendered":"<h3 class=\"ezop-des-h3\">\u00dcR\u00dcN \u00d6L\u00c7\u00dcLER\u0130<\/h3>\n<table class=\"table ezop-table\" style=\"height: 123px;\" width=\"450\">\n<thead>\n<tr>\n<th scope=\"col\">#<\/th>\n<th scope=\"col\">Geni\u015flik<\/th>\n<th scope=\"col\">Y\u00fckseklik<\/th>\n<th scope=\"col\">Derinlik<\/th>\n<\/tr>\n<\/thead>\n<tbody>\n<tr>\n<th scope=\"row\">3&#8217;l\u00fc<\/th>\n<td>255 cm<\/td>\n<td>100 cm<\/td>\n<td>79 cm<\/td>\n<\/tr>\n<tr>\n<th scope=\"row\">2&#8217;li<\/th>\n<td>220 cm<\/td>\n<td>100 cm<\/td>\n<td>79 cm<\/td>\n<\/tr>\n<tr>\n<th scope=\"row\">Berjer<\/th>\n<td>125 cm<\/td>\n<td>100 cm<\/td>\n<td>79 cm<\/td>\n<\/tr>\n<\/tbody>\n<\/table>\n","protected":false},"excerpt":{"rendered":"<p>Prada K\u00f6\u015fe Tak\u0131m\u0131, zarif tasar\u0131m\u0131 ve konforuyla ya\u015fam alan\u0131n\u0131za l\u00fcks bir dokunu\u015f ve rahatl\u0131k sunuyor.<\/p>\n","protected":false},"featured_media":17454,"template":"","meta":[],"product_cat":[88],"product_tag":[],"class_list":["post-18274","product","type-product","status-publish","has-post-thumbnail","hentry","product_cat-kose-takimlari"],"yoast_head":"<!-- This site is optimized with the Yoast SEO plugin v21.0 - https:\/\/yoast.com\/wordpress\/plugins\/seo\/ -->\n<title>Prada - Sanna Furniture<\/title>\n<meta name=\"description\" content=\"Prada model \u00fcr\u00fcn\u00fc hakk\u0131nda detayl\u0131 bilgi almak ve sipari\u015f teklifi almak i\u00e7in sayfam\u0131z\u0131 ziyaret edebilirsiniz.\" \/>\n<meta name=\"robots\" content=\"index, follow, max-snippet:-1, max-image-preview:large, max-video-preview:-1\" \/>\n<link rel=\"canonical\" href=\"https:\/\/sannafurniture.com\/tr\/urun\/prada-kose-takimi\/\" \/>\n<meta property=\"og:locale\" content=\"tr_TR\" \/>\n<meta property=\"og:type\" content=\"article\" \/>\n<meta property=\"og:title\" content=\"Prada - Sanna Furniture\" \/>\n<meta property=\"og:description\" content=\"Prada model \u00fcr\u00fcn\u00fc hakk\u0131nda detayl\u0131 bilgi almak ve sipari\u015f teklifi almak i\u00e7in sayfam\u0131z\u0131 ziyaret edebilirsiniz.\" \/>\n<meta property=\"og:url\" content=\"https:\/\/sannafurniture.com\/tr\/urun\/prada-kose-takimi\/\" \/>\n<meta property=\"og:site_name\" content=\"Sanna Furniture\" \/>\n<meta property=\"article:modified_time\" content=\"2023-08-20T14:52:25+00:00\" \/>\n<meta property=\"og:image\" content=\"https:\/\/sannafurniture.com\/wp-content\/uploads\/2023\/08\/prada-kose-takimi-1.jpg\" \/>\n\t<meta property=\"og:image:width\" content=\"1500\" \/>\n\t<meta property=\"og:image:height\" content=\"1050\" \/>\n\t<meta property=\"og:image:type\" content=\"image\/jpeg\" \/>\n<meta name=\"twitter:card\" content=\"summary_large_image\" \/>\n<script type=\"application\/ld+json\" class=\"yoast-schema-graph\">{\"@context\":\"https:\/\/schema.org\",\"@graph\":[{\"@type\":\"WebPage\",\"@id\":\"https:\/\/sannafurniture.com\/tr\/urun\/prada-kose-takimi\/\",\"url\":\"https:\/\/sannafurniture.com\/tr\/urun\/prada-kose-takimi\/\",\"name\":\"Prada - Sanna Furniture\",\"isPartOf\":{\"@id\":\"https:\/\/sannafurniture.com\/tr\/#website\"},\"datePublished\":\"2023-08-13T23:16:33+00:00\",\"dateModified\":\"2023-08-20T14:52:25+00:00\",\"description\":\"Prada model \u00fcr\u00fcn\u00fc hakk\u0131nda detayl\u0131 bilgi almak ve sipari\u015f teklifi almak i\u00e7in sayfam\u0131z\u0131 ziyaret edebilirsiniz.\",\"breadcrumb\":{\"@id\":\"https:\/\/sannafurniture.com\/tr\/urun\/prada-kose-takimi\/#breadcrumb\"},\"inLanguage\":\"tr\",\"potentialAction\":[{\"@type\":\"ReadAction\",\"target\":[\"https:\/\/sannafurniture.com\/tr\/urun\/prada-kose-takimi\/\"]}]},{\"@type\":\"BreadcrumbList\",\"@id\":\"https:\/\/sannafurniture.com\/tr\/urun\/prada-kose-takimi\/#breadcrumb\",\"itemListElement\":[{\"@type\":\"ListItem\",\"position\":1,\"name\":\"Anasayfa\",\"item\":\"https:\/\/sannafurniture.com\/tr\/\"},{\"@type\":\"ListItem\",\"position\":2,\"name\":\"T\u00fcm \u00dcr\u00fcnler\",\"item\":\"https:\/\/sannafurniture.com\/tr\/?page_id=16415\"},{\"@type\":\"ListItem\",\"position\":3,\"name\":\"Prada\"}]},{\"@type\":\"WebSite\",\"@id\":\"https:\/\/sannafurniture.com\/tr\/#website\",\"url\":\"https:\/\/sannafurniture.com\/tr\/\",\"name\":\"Sanna Furniture\",\"description\":\"\",\"publisher\":{\"@id\":\"https:\/\/sannafurniture.com\/tr\/#organization\"},\"potentialAction\":[{\"@type\":\"SearchAction\",\"target\":{\"@type\":\"EntryPoint\",\"urlTemplate\":\"https:\/\/sannafurniture.com\/tr\/?s={search_term_string}\"},\"query-input\":\"required name=search_term_string\"}],\"inLanguage\":\"tr\"},{\"@type\":\"Organization\",\"@id\":\"https:\/\/sannafurniture.com\/tr\/#organization\",\"name\":\"Sanna Furniture\",\"url\":\"https:\/\/sannafurniture.com\/tr\/\",\"logo\":{\"@type\":\"ImageObject\",\"inLanguage\":\"tr\",\"@id\":\"https:\/\/sannafurniture.com\/tr\/#\/schema\/logo\/image\/\",\"url\":\"https:\/\/sannafurniture.com\/wp-content\/uploads\/2023\/07\/logo.jpg\",\"contentUrl\":\"https:\/\/sannafurniture.com\/wp-content\/uploads\/2023\/07\/logo.jpg\",\"width\":692,\"height\":235,\"caption\":\"Sanna Furniture\"},\"image\":{\"@id\":\"https:\/\/sannafurniture.com\/tr\/#\/schema\/logo\/image\/\"}}]}<\/script>\n<!-- \/ Yoast SEO plugin. -->","yoast_head_json":{"title":"Prada - Sanna Furniture","description":"Prada model \u00fcr\u00fcn\u00fc hakk\u0131nda detayl\u0131 bilgi almak ve sipari\u015f teklifi almak i\u00e7in sayfam\u0131z\u0131 ziyaret edebilirsiniz.","robots":{"index":"index","follow":"follow","max-snippet":"max-snippet:-1","max-image-preview":"max-image-preview:large","max-video-preview":"max-video-preview:-1"},"canonical":"https:\/\/sannafurniture.com\/tr\/urun\/prada-kose-takimi\/","og_locale":"tr_TR","og_type":"article","og_title":"Prada - Sanna Furniture","og_description":"Prada model \u00fcr\u00fcn\u00fc hakk\u0131nda detayl\u0131 bilgi almak ve sipari\u015f teklifi almak i\u00e7in sayfam\u0131z\u0131 ziyaret edebilirsiniz.","og_url":"https:\/\/sannafurniture.com\/tr\/urun\/prada-kose-takimi\/","og_site_name":"Sanna Furniture","article_modified_time":"2023-08-20T14:52:25+00:00","og_image":[{"width":1500,"height":1050,"url":"https:\/\/sannafurniture.com\/wp-content\/uploads\/2023\/08\/prada-kose-takimi-1.jpg","type":"image\/jpeg"}],"twitter_card":"summary_large_image","schema":{"@context":"https:\/\/schema.org","@graph":[{"@type":"WebPage","@id":"https:\/\/sannafurniture.com\/tr\/urun\/prada-kose-takimi\/","url":"https:\/\/sannafurniture.com\/tr\/urun\/prada-kose-takimi\/","name":"Prada - Sanna Furniture","isPartOf":{"@id":"https:\/\/sannafurniture.com\/tr\/#website"},"datePublished":"2023-08-13T23:16:33+00:00","dateModified":"2023-08-20T14:52:25+00:00","description":"Prada model \u00fcr\u00fcn\u00fc hakk\u0131nda detayl\u0131 bilgi almak ve sipari\u015f teklifi almak i\u00e7in sayfam\u0131z\u0131 ziyaret edebilirsiniz.","breadcrumb":{"@id":"https:\/\/sannafurniture.com\/tr\/urun\/prada-kose-takimi\/#breadcrumb"},"inLanguage":"tr","potentialAction":[{"@type":"ReadAction","target":["https:\/\/sannafurniture.com\/tr\/urun\/prada-kose-takimi\/"]}]},{"@type":"BreadcrumbList","@id":"https:\/\/sannafurniture.com\/tr\/urun\/prada-kose-takimi\/#breadcrumb","itemListElement":[{"@type":"ListItem","position":1,"name":"Anasayfa","item":"https:\/\/sannafurniture.com\/tr\/"},{"@type":"ListItem","position":2,"name":"T\u00fcm \u00dcr\u00fcnler","item":"https:\/\/sannafurniture.com\/tr\/?page_id=16415"},{"@type":"ListItem","position":3,"name":"Prada"}]},{"@type":"WebSite","@id":"https:\/\/sannafurniture.com\/tr\/#website","url":"https:\/\/sannafurniture.com\/tr\/","name":"Sanna Furniture","description":"","publisher":{"@id":"https:\/\/sannafurniture.com\/tr\/#organization"},"potentialAction":[{"@type":"SearchAction","target":{"@type":"EntryPoint","urlTemplate":"https:\/\/sannafurniture.com\/tr\/?s={search_term_string}"},"query-input":"required name=search_term_string"}],"inLanguage":"tr"},{"@type":"Organization","@id":"https:\/\/sannafurniture.com\/tr\/#organization","name":"Sanna Furniture","url":"https:\/\/sannafurniture.com\/tr\/","logo":{"@type":"ImageObject","inLanguage":"tr","@id":"https:\/\/sannafurniture.com\/tr\/#\/schema\/logo\/image\/","url":"https:\/\/sannafurniture.com\/wp-content\/uploads\/2023\/07\/logo.jpg","contentUrl":"https:\/\/sannafurniture.com\/wp-content\/uploads\/2023\/07\/logo.jpg","width":692,"height":235,"caption":"Sanna Furniture"},"image":{"@id":"https:\/\/sannafurniture.com\/tr\/#\/schema\/logo\/image\/"}}]}},"_links":{"self":[{"href":"https:\/\/sannafurniture.com\/tr\/wp-json\/wp\/v2\/product\/18274","targetHints":{"allow":["GET"]}}],"collection":[{"href":"https:\/\/sannafurniture.com\/tr\/wp-json\/wp\/v2\/product"}],"about":[{"href":"https:\/\/sannafurniture.com\/tr\/wp-json\/wp\/v2\/types\/product"}],"version-history":[{"count":1,"href":"https:\/\/sannafurniture.com\/tr\/wp-json\/wp\/v2\/product\/18274\/revisions"}],"predecessor-version":[{"id":18475,"href":"https:\/\/sannafurniture.com\/tr\/wp-json\/wp\/v2\/product\/18274\/revisions\/18475"}],"wp:featuredmedia":[{"embeddable":true,"href":"https:\/\/sannafurniture.com\/tr\/wp-json\/wp\/v2\/media\/17454"}],"wp:attachment":[{"href":"https:\/\/sannafurniture.com\/tr\/wp-json\/wp\/v2\/media?parent=18274"}],"wp:term":[{"taxonomy":"product_cat","embeddable":true,"href":"https:\/\/sannafurniture.com\/tr\/wp-json\/wp\/v2\/product_cat?post=18274"},{"taxonomy":"product_tag","embeddable":true,"href":"https:\/\/sannafurniture.com\/tr\/wp-json\/wp\/v2\/product_tag?post=18274"}],"curies":[{"name":"wp","href":"https:\/\/api.w.org\/{rel}","templated":true}]}}